{"id":5891,"date":"2022-03-16T20:36:07","date_gmt":"2022-03-16T19:36:07","guid":{"rendered":"https:\/\/pinsbay.com\/so-erstellen-sie-benutzerdefinierte-pins\/"},"modified":"2023-06-26T04:15:05","modified_gmt":"2023-06-26T03:15:05","slug":"so-erstellen-sie-benutzerdefinierte-pins","status":"publish","type":"page","link":"https:\/\/pinsbay.com\/de\/so-erstellen-sie-benutzerdefinierte-pins\/","title":{"rendered":"So erstellen Sie benutzerdefinierte Pins"},"content":{"rendered":"\t\t<div data-elementor-type=\"wp-page\" data-elementor-id=\"5891\" class=\"elementor elementor-5891 elementor-1898\" data-elementor-post-type=\"page\">\n\t\t\t\t\t\t<section class=\"elementor-section elementor-top-section elementor-element elementor-element-df9bfd7 elementor-section-content-middle elementor-section-boxed elementor-section-height-default elementor-section-height-default\" data-id=\"df9bfd7\" data-element_type=\"section\">\n\t\t\t\t\t\t<div class=\"elementor-container elementor-column-gap-no\">\n\t\t\t\t\t<div class=\"elementor-column elementor-col-100 elementor-top-column elementor-element elementor-element-2051b833\" data-id=\"2051b833\" data-element_type=\"column\">\n\t\t\t<div class=\"elementor-widget-wrap elementor-element-populated\">\n\t\t\t\t\t\t<div class=\"elementor-element elementor-element-a616e37 elementor-widget elementor-widget-heading\" data-id=\"a616e37\" data-element_type=\"widget\" data-widget_type=\"heading.default\">\n\t\t\t\t<div class=\"elementor-widget-container\">\n\t\t\t\t\t<h4 class=\"elementor-heading-title elementor-size-default\">So erstellen Sie individuelle Pins<\/h4>\t\t\t\t<\/div>\n\t\t\t\t<\/div>\n\t\t\t\t<div class=\"elementor-element elementor-element-57309206 elementor-widget elementor-widget-text-editor\" data-id=\"57309206\" data-element_type=\"widget\" data-widget_type=\"text-editor.default\">\n\t\t\t\t<div class=\"elementor-widget-container\">\n\t\t\t\t\t\t\t\t\t<p>Mit \u00fcber 20 Jahren Erfahrung im Bereich der Pins k\u00f6nnen wir mit Zuversicht sagen, dass wir alle M\u00f6glichkeiten kennen, individuelle Pins auf einfache, schnelle und kosteng\u00fcnstige Weise herzustellen.<\/p><p>In diesem Artikel erhalten Sie einen \u00dcberblick \u00fcber die Schritte zur Erstellung individueller Pins. Nachdem Sie den Artikel gelesen haben, k\u00f6nnen Sie bequem online bestellen, schnell mit uns in Kontakt treten und Ihre individuellen Pins zeitnah erhalten.<\/p>\t\t\t\t\t\t\t\t<\/div>\n\t\t\t\t<\/div>\n\t\t\t\t<div class=\"elementor-element elementor-element-1beb8213 elementor-align-center elementor-widget elementor-widget-button\" data-id=\"1beb8213\" data-element_type=\"widget\" data-widget_type=\"button.default\">\n\t\t\t\t<div class=\"elementor-widget-container\">\n\t\t\t\t\t\t\t\t\t<div class=\"elementor-button-wrapper\">\n\t\t\t\t\t<a class=\"elementor-button elementor-button-link elementor-size-sm elementor-animation-grow\" href=\"https:\/\/pinsbay.com\/de\/individuelle-pins\/\">\n\t\t\t\t\t\t<span class=\"elementor-button-content-wrapper\">\n\t\t\t\t\t\t\t\t\t<span class=\"elementor-button-text\">Individuelle Pins erstellen<\/span>\n\t\t\t\t\t<\/span>\n\t\t\t\t\t<\/a>\n\t\t\t\t<\/div>\n\t\t\t\t\t\t\t\t<\/div>\n\t\t\t\t<\/div>\n\t\t\t\t\t<\/div>\n\t\t<\/div>\n\t\t\t\t\t<\/div>\n\t\t<\/section>\n\t\t\t\t<section class=\"elementor-section elementor-top-section elementor-element elementor-element-6431d11e elementor-section-content-middle elementor-section-boxed elementor-section-height-default elementor-section-height-default\" data-id=\"6431d11e\" data-element_type=\"section\">\n\t\t\t\t\t\t<div class=\"elementor-container elementor-column-gap-no\">\n\t\t\t\t\t<div class=\"elementor-column elementor-col-50 elementor-top-column elementor-element elementor-element-62aae00a\" data-id=\"62aae00a\" data-element_type=\"column\">\n\t\t\t<div class=\"elementor-widget-wrap elementor-element-populated\">\n\t\t\t\t\t\t<div class=\"elementor-element elementor-element-5ea033a9 elementor-widget elementor-widget-image\" data-id=\"5ea033a9\" data-element_type=\"widget\" data-widget_type=\"image.default\">\n\t\t\t\t<div class=\"elementor-widget-container\">\n\t\t\t\t\t\t\t\t\t\t\t\t\t\t\t<img decoding=\"async\" src=\"https:\/\/pinsbay.com\/wp-content\/uploads\/elementor\/thumbs\/online-order-custom-pins-pgozbptykjsoi8cl8fj0o1vokkef0lcrxtlxesatia.png\" title=\"online-order-custom-pins\" alt=\"online-order-custom-pins\" loading=\"lazy\" \/>\t\t\t\t\t\t\t\t\t\t\t\t\t\t\t<\/div>\n\t\t\t\t<\/div>\n\t\t\t\t\t<\/div>\n\t\t<\/div>\n\t\t\t\t<div class=\"elementor-column elementor-col-50 elementor-top-column elementor-element elementor-element-4b0df40b\" data-id=\"4b0df40b\" data-element_type=\"column\">\n\t\t\t<div class=\"elementor-widget-wrap elementor-element-populated\">\n\t\t\t\t\t\t<div class=\"elementor-element elementor-element-31725a51 elementor-widget elementor-widget-heading\" data-id=\"31725a51\" data-element_type=\"widget\" data-widget_type=\"heading.default\">\n\t\t\t\t<div class=\"elementor-widget-container\">\n\t\t\t\t\t<h4 class=\"elementor-heading-title elementor-size-default\">1 - Individuelle Pins\nOnline-Bestellung<\/h4>\t\t\t\t<\/div>\n\t\t\t\t<\/div>\n\t\t\t\t<div class=\"elementor-element elementor-element-18bc12ea elementor-widget elementor-widget-text-editor\" data-id=\"18bc12ea\" data-element_type=\"widget\" data-widget_type=\"text-editor.default\">\n\t\t\t\t<div class=\"elementor-widget-container\">\n\t\t\t\t\t\t\t\t\t<p>Wir bieten eine Vielzahl von Optionen an, die manchmal verwirrend sein k\u00f6nnen. Aus diesem Grund unterst\u00fctzen wir Sie bei der Entscheidung, welche Art von individuellem Pin Sie bevorzugen und welche Optionen am besten zu Ihnen passen.<\/p><p>Nehmen Sie einfach eine <a href=\"https:\/\/pinsbay.com\/de\/individuelle-pins\/\">individuelle Bestellung f\u00fcr Pins<\/a> online vor.<\/p>\t\t\t\t\t\t\t\t<\/div>\n\t\t\t\t<\/div>\n\t\t\t\t\t<\/div>\n\t\t<\/div>\n\t\t\t\t\t<\/div>\n\t\t<\/section>\n\t\t\t\t<section class=\"elementor-section elementor-top-section elementor-element elementor-element-9e39589 elementor-section-boxed elementor-section-height-default elementor-section-height-default\" data-id=\"9e39589\" data-element_type=\"section\">\n\t\t\t\t\t\t<div class=\"elementor-container elementor-column-gap-default\">\n\t\t\t\t\t<div class=\"elementor-column elementor-col-100 elementor-top-column elementor-element elementor-element-4ca15bb\" data-id=\"4ca15bb\" data-element_type=\"column\">\n\t\t\t<div class=\"elementor-widget-wrap elementor-element-populated\">\n\t\t\t\t\t\t<div class=\"elementor-element elementor-element-a5ce3f3 elementor-widget elementor-widget-text-editor\" data-id=\"a5ce3f3\" data-element_type=\"widget\" data-widget_type=\"text-editor.default\">\n\t\t\t\t<div class=\"elementor-widget-container\">\n\t\t\t\t\t\t\t\t\t<h2>Art der Pins<\/h2><p>Sie haben die Wahl, welche Art von Pins Sie erstellen m\u00f6chten. Bitte werfen Sie einen Blick auf die verschiedenen Optionen und Preise in unserer Produktgalerie f\u00fcr individuelle Pins.<\/p><p>Um es Ihnen leichter zu machen, haben wir unsere <a href=\"https:\/\/pinsbay.com\/de\/individuelle-pins\/\">individuellen Pins<\/a> in f\u00fcnf Typen unterteilt:<\/p><p><a href=\"https:\/\/pinsbay.com\/de\/custom-pins\/metall-pins\/\"><strong>Metall-Pins<\/strong><\/a><\/p><ul><li>Diese Art von Pins sind in der Regel seri\u00f6ser Natur und eignen sich f\u00fcr Unternehmen oder Vereine, die einen schmuck\u00e4hnlichen Stil f\u00fcr ihre Pins w\u00fcnschen.<\/li><\/ul><p><a href=\"https:\/\/pinsbay.com\/de\/custom-pins\/emaille-pins\/\"><strong>Weiche Emaille-Pins<\/strong><\/a><\/p><ul><li>Dies sind die bekanntesten und klassischsten Pins, die oft mit Freude und Gl\u00fcck assoziiert werden. Sie sind sehr beliebt und bestehen aus emaillierten Farben auf gl\u00e4nzendem Metall.<\/li><\/ul><p><a href=\"https:\/\/pinsbay.com\/de\/custom-pins\/hart-email-pins\/\"><strong>Harte Emaille-Pins<\/strong><\/a><\/p><ul><li>\u00c4hnlich wie weiche Emaille-Pins, aber ohne Erhebungen. Emaillefarben und Metall sind in der gleichen Ebene angeordnet.<\/li><\/ul><p><a href=\"https:\/\/pinsbay.com\/de\/custom-pins\/pins-3d\/\"><strong>3D-Pins<\/strong><\/a><\/p><ul><li>Diese Pins zeichnen sich durch abgerundete Erhebungen aus. Sie werden verwendet, um dreidimensionale Objekte, Tiere, Gesichter, Geb\u00e4ude oder Figuren darzustellen. Sie haben ein hervorragendes Finish in antiken Metallt\u00f6nen.<\/li><\/ul><p><a href=\"https:\/\/pinsbay.com\/de\/custom-pins\/epoxid-pins\/\"><strong>Gedruckte Pins<\/strong><\/a><\/p><ul><li>Dies ist die kosteng\u00fcnstige Option, wenn Sie mehr als 1000 Pins herstellen m\u00f6chten. Das Motiv wird im Siebdruck auf eine Metallbasis gedruckt und mit einem transparenten Epoxidharz \u00fcberzogen, um es zu sch\u00fctzen.<\/li><\/ul><h4>Menge<\/h4><p>Sicherlich wissen Sie bereits, wie viele Pins Sie produzieren m\u00f6chten. Manchmal variieren die Preise nicht wesentlich, wenn Sie eine gr\u00f6\u00dfere Menge bestellen. Daher empfehlen wir Ihnen, vor der Bestellung verschiedene Mengen und deren Preise zu \u00fcberpr\u00fcfen.<\/p><h4>Verschlussarten<\/h4><p>Die Wahl des richtigen Verschlusses geht schnell vonstatten. Sie k\u00f6nnen zwischen einem Metall- oder Gummiverschluss w\u00e4hlen. Der Metallverschluss ist klassisch und der Gummiverschluss modern und langlebig.<\/p><h4>Kunstwerk<\/h4><p>Sie haben die M\u00f6glichkeit, am Gestaltungsprozess beteiligt zu sein. M\u00f6chten Sie das Design vor der Produktion erhalten oder vertrauen Sie uns, dass wir die Pins nach Ihren Vorstellungen gestalten? Die Wahl liegt bei Ihnen, wir haben keine Einw\u00e4nde.<\/p>\t\t\t\t\t\t\t\t<\/div>\n\t\t\t\t<\/div>\n\t\t\t\t\t<\/div>\n\t\t<\/div>\n\t\t\t\t\t<\/div>\n\t\t<\/section>\n\t\t\t\t<section class=\"elementor-section elementor-top-section elementor-element elementor-element-4925edf elementor-section-content-middle elementor-section-boxed elementor-section-height-default elementor-section-height-default\" data-id=\"4925edf\" data-element_type=\"section\">\n\t\t\t\t\t\t<div class=\"elementor-container elementor-column-gap-no\">\n\t\t\t\t\t<div class=\"elementor-column elementor-col-50 elementor-top-column elementor-element elementor-element-e1f25c5\" data-id=\"e1f25c5\" data-element_type=\"column\">\n\t\t\t<div class=\"elementor-widget-wrap elementor-element-populated\">\n\t\t\t\t\t\t<div class=\"elementor-element elementor-element-03293f5 elementor-widget elementor-widget-image\" data-id=\"03293f5\" data-element_type=\"widget\" data-widget_type=\"image.default\">\n\t\t\t\t<div class=\"elementor-widget-container\">\n\t\t\t\t\t\t\t\t\t\t\t\t\t\t\t<img fetchpriority=\"high\" decoding=\"async\" width=\"2000\" height=\"1153\" src=\"https:\/\/pinsbay.com\/wp-content\/uploads\/2021\/11\/artwork-design-of-pins.jpg\" class=\"attachment-full size-full wp-image-5200\" alt=\"\" srcset=\"https:\/\/pinsbay.com\/wp-content\/uploads\/2021\/11\/artwork-design-of-pins.jpg 2000w, https:\/\/pinsbay.com\/wp-content\/uploads\/2021\/11\/artwork-design-of-pins-600x346.jpg 600w, https:\/\/pinsbay.com\/wp-content\/uploads\/2021\/11\/artwork-design-of-pins-300x173.jpg 300w, https:\/\/pinsbay.com\/wp-content\/uploads\/2021\/11\/artwork-design-of-pins-1024x590.jpg 1024w, https:\/\/pinsbay.com\/wp-content\/uploads\/2021\/11\/artwork-design-of-pins-768x443.jpg 768w, https:\/\/pinsbay.com\/wp-content\/uploads\/2021\/11\/artwork-design-of-pins-1536x886.jpg 1536w\" sizes=\"(max-width: 2000px) 100vw, 2000px\" \/>\t\t\t\t\t\t\t\t\t\t\t\t\t\t\t<\/div>\n\t\t\t\t<\/div>\n\t\t\t\t\t<\/div>\n\t\t<\/div>\n\t\t\t\t<div class=\"elementor-column elementor-col-50 elementor-top-column elementor-element elementor-element-5e74cd7\" data-id=\"5e74cd7\" data-element_type=\"column\">\n\t\t\t<div class=\"elementor-widget-wrap elementor-element-populated\">\n\t\t\t\t\t\t<div class=\"elementor-element elementor-element-e551657 elementor-widget elementor-widget-heading\" data-id=\"e551657\" data-element_type=\"widget\" data-widget_type=\"heading.default\">\n\t\t\t\t<div class=\"elementor-widget-container\">\n\t\t\t\t\t<h4 class=\"elementor-heading-title elementor-size-default\">2 - \u00dcberpr\u00fcfen Sie Ihr individuelles Design<\/h4>\t\t\t\t<\/div>\n\t\t\t\t<\/div>\n\t\t\t\t<div class=\"elementor-element elementor-element-1e66d74 elementor-widget elementor-widget-text-editor\" data-id=\"1e66d74\" data-element_type=\"widget\" data-widget_type=\"text-editor.default\">\n\t\t\t\t<div class=\"elementor-widget-container\">\n\t\t\t\t\t\t\t\t\t<p>Sobald Sie eine Online-Bestellung bei uns aufgegeben haben, haben Sie die M\u00f6glichkeit, uns zu gestatten, Ihre individuellen Pins auf die von uns als beste erachtete Art und Weise zu produzieren. Alternativ k\u00f6nnen Sie auch eine Designvalidierung anfordern.<\/p><p>Wenn Sie uns erlauben, Ihre Pins zu produzieren, werden wir dies mit unserer langj\u00e4hrigen Erfahrung tun und die besten Optionen ausw\u00e4hlen.<\/p><p>Wenn Sie es eilig haben, k\u00f6nnen Sie sich auf unsere Designer verlassen. Wir sind zuversichtlich, dass Sie eine \u00e4u\u00dferst positive \u00dcberraschung erleben werden.<\/p>\t\t\t\t\t\t\t\t<\/div>\n\t\t\t\t<\/div>\n\t\t\t\t\t<\/div>\n\t\t<\/div>\n\t\t\t\t\t<\/div>\n\t\t<\/section>\n\t\t\t\t<section class=\"elementor-section elementor-top-section elementor-element elementor-element-205a8ee elementor-section-boxed elementor-section-height-default elementor-section-height-default\" data-id=\"205a8ee\" data-element_type=\"section\">\n\t\t\t\t\t\t<div class=\"elementor-container elementor-column-gap-default\">\n\t\t\t\t\t<div class=\"elementor-column elementor-col-100 elementor-top-column elementor-element elementor-element-a4623bf\" data-id=\"a4623bf\" data-element_type=\"column\">\n\t\t\t<div class=\"elementor-widget-wrap elementor-element-populated\">\n\t\t\t\t\t\t<div class=\"elementor-element elementor-element-5f1ddc7 elementor-widget elementor-widget-text-editor\" data-id=\"5f1ddc7\" data-element_type=\"widget\" data-widget_type=\"text-editor.default\">\n\t\t\t\t<div class=\"elementor-widget-container\">\n\t\t\t\t\t\t\t\t\t<h2>Kommunikation<\/h2><p>Wir sind uns bewusst, wie wichtig es f\u00fcr unsere Kunden ist, eine schnelle Kommunikation zu haben, insbesondere bei der Gestaltung und Anpassung ihrer individuellen Designs und Kunstwerke.<\/p><p>Sobald wir Ihnen das Design zusenden, ist es wichtig, dass Sie es sorgf\u00e4ltig \u00fcberpr\u00fcfen und best\u00e4tigen, bevor wir mit der Produktion beginnen. Falls Sie \u00c4nderungen w\u00fcnschen, k\u00f6nnen Sie uns Ihre Ideen mitteilen und wir werden ein neues Design f\u00fcr Sie erstellen.<\/p><p>Wir stellen sicher, dass das Kunstwerk sehr schnell bei Ihnen ankommt &#8211; in der Regel ben\u00f6tigen wir weniger als 24 Stunden daf\u00fcr.<\/p>\t\t\t\t\t\t\t\t<\/div>\n\t\t\t\t<\/div>\n\t\t\t\t\t<\/div>\n\t\t<\/div>\n\t\t\t\t\t<\/div>\n\t\t<\/section>\n\t\t\t\t<section class=\"elementor-section elementor-top-section elementor-element elementor-element-7e0e6fa elementor-section-content-middle elementor-section-boxed elementor-section-height-default elementor-section-height-default\" data-id=\"7e0e6fa\" data-element_type=\"section\">\n\t\t\t\t\t\t<div class=\"elementor-container elementor-column-gap-no\">\n\t\t\t\t\t<div class=\"elementor-column elementor-col-50 elementor-top-column elementor-element elementor-element-b81bfa1\" data-id=\"b81bfa1\" data-element_type=\"column\">\n\t\t\t<div class=\"elementor-widget-wrap elementor-element-populated\">\n\t\t\t\t\t\t<div class=\"elementor-element elementor-element-648d234 elementor-widget elementor-widget-image\" data-id=\"648d234\" data-element_type=\"widget\" data-widget_type=\"image.default\">\n\t\t\t\t<div class=\"elementor-widget-container\">\n\t\t\t\t\t\t\t\t\t\t\t\t\t\t\t<img decoding=\"async\" width=\"475\" height=\"299\" src=\"https:\/\/pinsbay.com\/wp-content\/uploads\/2021\/11\/fast-shipping-custom-pins-production.jpg\" class=\"attachment-full size-full wp-image-5201\" alt=\"fast-shipping-custom-pins-production\" srcset=\"https:\/\/pinsbay.com\/wp-content\/uploads\/2021\/11\/fast-shipping-custom-pins-production.jpg 475w, https:\/\/pinsbay.com\/wp-content\/uploads\/2021\/11\/fast-shipping-custom-pins-production-300x189.jpg 300w\" sizes=\"(max-width: 475px) 100vw, 475px\" \/>\t\t\t\t\t\t\t\t\t\t\t\t\t\t\t<\/div>\n\t\t\t\t<\/div>\n\t\t\t\t\t<\/div>\n\t\t<\/div>\n\t\t\t\t<div class=\"elementor-column elementor-col-50 elementor-top-column elementor-element elementor-element-6077817\" data-id=\"6077817\" data-element_type=\"column\">\n\t\t\t<div class=\"elementor-widget-wrap elementor-element-populated\">\n\t\t\t\t\t\t<div class=\"elementor-element elementor-element-d999a5b elementor-widget elementor-widget-heading\" data-id=\"d999a5b\" data-element_type=\"widget\" data-widget_type=\"heading.default\">\n\t\t\t\t<div class=\"elementor-widget-container\">\n\t\t\t\t\t<h4 class=\"elementor-heading-title elementor-size-default\">3 - Produktion &amp; Versand<\/h4>\t\t\t\t<\/div>\n\t\t\t\t<\/div>\n\t\t\t\t<div class=\"elementor-element elementor-element-67f7bfb elementor-widget elementor-widget-text-editor\" data-id=\"67f7bfb\" data-element_type=\"widget\" data-widget_type=\"text-editor.default\">\n\t\t\t\t<div class=\"elementor-widget-container\">\n\t\t\t\t\t\t\t\t\t<p>Ihre individuellen Pins befinden sich derzeit im Produktionsprozess. Dies bedeutet, dass entweder unser Kunstwerk Ihren Vorstellungen entspricht oder Sie uns erlaubt haben, Ihre Bestellung aufzugeben, ohne das Design vorab zu erhalten.<\/p><p>Nun m\u00fcssen Sie nur noch geduldig warten, w\u00e4hrend wir Ihre Pins produzieren und sie an Ihre angegebene Adresse versenden.<\/p><p>Wir verwenden stets die schnellsten Versanddienstleister, um eine z\u00fcgige Zustellung zu gew\u00e4hrleisten.<\/p>\t\t\t\t\t\t\t\t<\/div>\n\t\t\t\t<\/div>\n\t\t\t\t\t<\/div>\n\t\t<\/div>\n\t\t\t\t\t<\/div>\n\t\t<\/section>\n\t\t\t\t<\/div>\n\t\t","protected":false},"excerpt":{"rendered":"<p>So erstellen Sie individuelle Pins Mit \u00fcber 20 Jahren Erfahrung im Bereich der Pins k\u00f6nnen wir mit Zuversicht sagen, dass wir alle M\u00f6glichkeiten kennen, individuelle Pins auf einfache, schnelle und kosteng\u00fcnstige Weise herzustellen. In diesem Artikel erhalten Sie einen \u00dcberblick \u00fcber die Schritte zur Erstellung individueller Pins. Nachdem Sie den Artikel gelesen haben, k\u00f6nnen Sie [&hellip;]<\/p>\n","protected":false},"author":1,"featured_media":0,"parent":0,"menu_order":0,"comment_status":"closed","ping_status":"closed","template":"","meta":{"footnotes":""},"class_list":["post-5891","page","type-page","status-publish","hentry"],"_links":{"self":[{"href":"https:\/\/pinsbay.com\/de\/wp-json\/wp\/v2\/pages\/5891","targetHints":{"allow":["GET"]}}],"collection":[{"href":"https:\/\/pinsbay.com\/de\/wp-json\/wp\/v2\/pages"}],"about":[{"href":"https:\/\/pinsbay.com\/de\/wp-json\/wp\/v2\/types\/page"}],"author":[{"embeddable":true,"href":"https:\/\/pinsbay.com\/de\/wp-json\/wp\/v2\/users\/1"}],"replies":[{"embeddable":true,"href":"https:\/\/pinsbay.com\/de\/wp-json\/wp\/v2\/comments?post=5891"}],"version-history":[{"count":12,"href":"https:\/\/pinsbay.com\/de\/wp-json\/wp\/v2\/pages\/5891\/revisions"}],"predecessor-version":[{"id":6270,"href":"https:\/\/pinsbay.com\/de\/wp-json\/wp\/v2\/pages\/5891\/revisions\/6270"}],"wp:attachment":[{"href":"https:\/\/pinsbay.com\/de\/wp-json\/wp\/v2\/media?parent=5891"}],"curies":[{"name":"wp","href":"https:\/\/api.w.org\/{rel}","templated":true}]}}