{"id":5941,"date":"2022-06-11T16:30:34","date_gmt":"2022-06-11T15:30:34","guid":{"rendered":"https:\/\/pinsbay.com\/pinsbay-garantie\/"},"modified":"2022-06-11T16:30:34","modified_gmt":"2022-06-11T15:30:34","slug":"pinsbay-garantie","status":"publish","type":"page","link":"https:\/\/pinsbay.com\/de\/pinsbay-garantie\/","title":{"rendered":"Pinsbay Garantie"},"content":{"rendered":"\t\t<div data-elementor-type=\"wp-page\" data-elementor-id=\"5941\" class=\"elementor elementor-5941 elementor-2114\" data-elementor-post-type=\"page\">\n\t\t\t\t\t\t<section class=\"elementor-section elementor-top-section elementor-element elementor-element-84faf1c elementor-section-content-middle elementor-section-boxed elementor-section-height-default elementor-section-height-default\" data-id=\"84faf1c\" data-element_type=\"section\">\n\t\t\t\t\t\t<div class=\"elementor-container elementor-column-gap-no\">\n\t\t\t\t\t<div class=\"elementor-column elementor-col-100 elementor-top-column elementor-element elementor-element-4c3500b\" data-id=\"4c3500b\" data-element_type=\"column\">\n\t\t\t<div class=\"elementor-widget-wrap elementor-element-populated\">\n\t\t\t\t\t\t<section class=\"elementor-section elementor-inner-section elementor-element elementor-element-88776fb elementor-section-content-top elementor-section-boxed elementor-section-height-default elementor-section-height-default\" data-id=\"88776fb\" data-element_type=\"section\">\n\t\t\t\t\t\t<div class=\"elementor-container elementor-column-gap-no\">\n\t\t\t\t\t<div class=\"elementor-column elementor-col-100 elementor-inner-column elementor-element elementor-element-0c46ba2\" data-id=\"0c46ba2\" data-element_type=\"column\">\n\t\t\t<div class=\"elementor-widget-wrap elementor-element-populated\">\n\t\t\t\t\t\t<div class=\"elementor-element elementor-element-8a2cae1 elementor-widget elementor-widget-heading\" data-id=\"8a2cae1\" data-element_type=\"widget\" data-widget_type=\"heading.default\">\n\t\t\t\t<div class=\"elementor-widget-container\">\n\t\t\t\t\t<h4 class=\"elementor-heading-title elementor-size-default\">Was ist die Pinsbay-Garantie?<\/h4>\t\t\t\t<\/div>\n\t\t\t\t<\/div>\n\t\t\t\t<div class=\"elementor-element elementor-element-9dc6043 elementor-widget elementor-widget-text-editor\" data-id=\"9dc6043\" data-element_type=\"widget\" data-widget_type=\"text-editor.default\">\n\t\t\t\t<div class=\"elementor-widget-container\">\n\t\t\t\t\t\t\t\t\t<p>Wir wissen, dass Sie mit unseren f\u00fcr Sie angefertigten Pins zufrieden sein werden, aber falls Sie es nicht sind, k\u00fcmmern wir uns um Ihre Bestellung und finden eine L\u00f6sung.<\/p><p>Die Pinsbay-Garantie ist unsere Art, Ihnen die Sicherheit zu geben, wenn Sie ein individuelles Produkt bei uns bestellen und produzieren.<\/p><p>Pinsbay garantiert, dass Ihr individuelles Produkt frei von einem Herstellerfehler ist oder repariert oder ersetzt wird.<\/p><p>Dar\u00fcber hinaus werden wir Ihre Pins vor der Produktion so oft neu gestalten, wie Sie es ben\u00f6tigen. Wir werden die Produktion nur starten, wenn Sie 100% sicher sind, dass Ihre Pins so sein werden, wie Sie es vorgeben. F\u00fcr den Fall, dass Sie ein Produkt mit Designfehlern, Farbverwechslungen oder Versandproblemen erhalten, k\u00fcmmern wir uns um Ihre Bestellung und machen Sie auf die eine oder andere Weise gl\u00fccklich.<\/p>\t\t\t\t\t\t\t\t<\/div>\n\t\t\t\t<\/div>\n\t\t\t\t\t<\/div>\n\t\t<\/div>\n\t\t\t\t\t<\/div>\n\t\t<\/section>\n\t\t\t\t\t<\/div>\n\t\t<\/div>\n\t\t\t\t\t<\/div>\n\t\t<\/section>\n\t\t\t\t<section class=\"elementor-section elementor-top-section elementor-element elementor-element-fdfbcb1 elementor-section-content-middle elementor-section-boxed elementor-section-height-default elementor-section-height-default\" data-id=\"fdfbcb1\" data-element_type=\"section\">\n\t\t\t\t\t\t<div class=\"elementor-container elementor-column-gap-no\">\n\t\t\t\t\t<div class=\"elementor-column elementor-col-100 elementor-top-column elementor-element elementor-element-ddeaf0f\" data-id=\"ddeaf0f\" data-element_type=\"column\">\n\t\t\t<div class=\"elementor-widget-wrap elementor-element-populated\">\n\t\t\t\t\t\t<div class=\"elementor-element elementor-element-a5e48ac elementor-widget elementor-widget-heading\" data-id=\"a5e48ac\" data-element_type=\"widget\" data-widget_type=\"heading.default\">\n\t\t\t\t<div class=\"elementor-widget-container\">\n\t\t\t\t\t<h2 class=\"elementor-heading-title elementor-size-default\">Defekte Produkte<\/h2>\t\t\t\t<\/div>\n\t\t\t\t<\/div>\n\t\t\t\t<section class=\"elementor-section elementor-inner-section elementor-element elementor-element-2b17052 elementor-section-content-top elementor-section-boxed elementor-section-height-default elementor-section-height-default\" data-id=\"2b17052\" data-element_type=\"section\">\n\t\t\t\t\t\t<div class=\"elementor-container elementor-column-gap-no\">\n\t\t\t\t\t<div class=\"elementor-column elementor-col-100 elementor-inner-column elementor-element elementor-element-b02d467\" data-id=\"b02d467\" data-element_type=\"column\">\n\t\t\t<div class=\"elementor-widget-wrap elementor-element-populated\">\n\t\t\t\t\t\t<div class=\"elementor-element elementor-element-744fdfd elementor-widget elementor-widget-heading\" data-id=\"744fdfd\" data-element_type=\"widget\" data-widget_type=\"heading.default\">\n\t\t\t\t<div class=\"elementor-widget-container\">\n\t\t\t\t\t<h4 class=\"elementor-heading-title elementor-size-default\">Was soll ich tun, wenn ich ein defektes Produkt erhalte?<\/h4>\t\t\t\t<\/div>\n\t\t\t\t<\/div>\n\t\t\t\t<div class=\"elementor-element elementor-element-f4d2bc6 elementor-widget elementor-widget-text-editor\" data-id=\"f4d2bc6\" data-element_type=\"widget\" data-widget_type=\"text-editor.default\">\n\t\t\t\t<div class=\"elementor-widget-container\">\n\t\t\t\t\t\t\t\t\t<p>Wenn Ihr Produkt einen Defekt aufweist, k\u00fcmmern wir uns darum.<\/p><p>Support ist f\u00fcr den Produktfehler f\u00fcr die R\u00fcckgabe \/ den Umtausch verf\u00fcgbar und wird innerhalb von 5 Tagen nach Lieferung reklamiert.<\/p><p>Bitte beachten Sie, dass einige Produkte kleine M\u00e4ngel aufweisen k\u00f6nnen, da sie handgefertigt sind und wir Produkte, die geringf\u00fcgige Flecken oder sehr kleine Fehler aufweisen, nicht erstatten oder ersetzen k\u00f6nnen. Seien Sie verst\u00e4ndnisvoll, wir werden dasselbe f\u00fcr Ihre Bestellung tun, um eine gute L\u00f6sung f\u00fcr Sie zu finden.<\/p><p>Wenden Sie sich an den Kundendienst, wenn Ihr Produkt ein Herstellerproblem aufweist. Wir finden eine L\u00f6sung!<\/p>\t\t\t\t\t\t\t\t<\/div>\n\t\t\t\t<\/div>\n\t\t\t\t\t<\/div>\n\t\t<\/div>\n\t\t\t\t\t<\/div>\n\t\t<\/section>\n\t\t\t\t\t<\/div>\n\t\t<\/div>\n\t\t\t\t\t<\/div>\n\t\t<\/section>\n\t\t\t\t<\/div>\n\t\t","protected":false},"excerpt":{"rendered":"<p>Was ist die Pinsbay-Garantie? Wir wissen, dass Sie mit unseren f\u00fcr Sie angefertigten Pins zufrieden sein werden, aber falls Sie es nicht sind, k\u00fcmmern wir uns um Ihre Bestellung und finden eine L\u00f6sung. Die Pinsbay-Garantie ist unsere Art, Ihnen die Sicherheit zu geben, wenn Sie ein individuelles Produkt bei uns bestellen und produzieren. Pinsbay garantiert, [&hellip;]<\/p>\n","protected":false},"author":1,"featured_media":0,"parent":0,"menu_order":0,"comment_status":"closed","ping_status":"closed","template":"","meta":{"footnotes":""},"class_list":["post-5941","page","type-page","status-publish","hentry"],"_links":{"self":[{"href":"https:\/\/pinsbay.com\/de\/wp-json\/wp\/v2\/pages\/5941","targetHints":{"allow":["GET"]}}],"collection":[{"href":"https:\/\/pinsbay.com\/de\/wp-json\/wp\/v2\/pages"}],"about":[{"href":"https:\/\/pinsbay.com\/de\/wp-json\/wp\/v2\/types\/page"}],"author":[{"embeddable":true,"href":"https:\/\/pinsbay.com\/de\/wp-json\/wp\/v2\/users\/1"}],"replies":[{"embeddable":true,"href":"https:\/\/pinsbay.com\/de\/wp-json\/wp\/v2\/comments?post=5941"}],"version-history":[{"count":1,"href":"https:\/\/pinsbay.com\/de\/wp-json\/wp\/v2\/pages\/5941\/revisions"}],"predecessor-version":[{"id":5942,"href":"https:\/\/pinsbay.com\/de\/wp-json\/wp\/v2\/pages\/5941\/revisions\/5942"}],"wp:attachment":[{"href":"https:\/\/pinsbay.com\/de\/wp-json\/wp\/v2\/media?parent=5941"}],"curies":[{"name":"wp","href":"https:\/\/api.w.org\/{rel}","templated":true}]}}