{"id":5945,"date":"2022-06-11T16:30:35","date_gmt":"2022-06-11T15:30:35","guid":{"rendered":"https:\/\/pinsbay.com\/haeufig-gestellte-fragen-faq\/"},"modified":"2023-06-26T02:50:16","modified_gmt":"2023-06-26T01:50:16","slug":"haeufig-gestellte-fragen-faq","status":"publish","type":"page","link":"https:\/\/pinsbay.com\/de\/haeufig-gestellte-fragen-faq\/","title":{"rendered":"H\u00e4ufig gestellte Fragen (FAQ)"},"content":{"rendered":"\t\t<div data-elementor-type=\"wp-page\" data-elementor-id=\"5945\" class=\"elementor elementor-5945 elementor-2067\" data-elementor-post-type=\"page\">\n\t\t\t\t\t\t<section class=\"elementor-section elementor-top-section elementor-element elementor-element-18ce3c21 elementor-section-content-middle elementor-section-boxed elementor-section-height-default elementor-section-height-default\" data-id=\"18ce3c21\" data-element_type=\"section\">\n\t\t\t\t\t\t<div class=\"elementor-container elementor-column-gap-no\">\n\t\t\t\t\t<div class=\"elementor-column elementor-col-100 elementor-top-column elementor-element elementor-element-31617427\" data-id=\"31617427\" data-element_type=\"column\">\n\t\t\t<div class=\"elementor-widget-wrap elementor-element-populated\">\n\t\t\t\t\t\t<div class=\"elementor-element elementor-element-55e80869 elementor-widget elementor-widget-heading\" data-id=\"55e80869\" data-element_type=\"widget\" data-widget_type=\"heading.default\">\n\t\t\t\t<div class=\"elementor-widget-container\">\n\t\t\t\t\t<h5 class=\"elementor-heading-title elementor-size-default\">H\u00e4ufigste Fragen und Antworten<\/h5>\t\t\t\t<\/div>\n\t\t\t\t<\/div>\n\t\t\t\t<div class=\"elementor-element elementor-element-1130ca07 elementor-widget elementor-widget-heading\" data-id=\"1130ca07\" data-element_type=\"widget\" data-widget_type=\"heading.default\">\n\t\t\t\t<div class=\"elementor-widget-container\">\n\t\t\t\t\t<h2 class=\"elementor-heading-title elementor-size-default\">Versand<\/h2>\t\t\t\t<\/div>\n\t\t\t\t<\/div>\n\t\t\t\t<section class=\"elementor-section elementor-inner-section elementor-element elementor-element-225f6c1b elementor-section-content-top elementor-section-boxed elementor-section-height-default elementor-section-height-default\" data-id=\"225f6c1b\" data-element_type=\"section\">\n\t\t\t\t\t\t<div class=\"elementor-container elementor-column-gap-no\">\n\t\t\t\t\t<div class=\"elementor-column elementor-col-50 elementor-inner-column elementor-element elementor-element-57c0b5cf\" data-id=\"57c0b5cf\" data-element_type=\"column\">\n\t\t\t<div class=\"elementor-widget-wrap elementor-element-populated\">\n\t\t\t\t\t\t<div class=\"elementor-element elementor-element-dccb479 elementor-widget elementor-widget-heading\" data-id=\"dccb479\" data-element_type=\"widget\" data-widget_type=\"heading.default\">\n\t\t\t\t<div class=\"elementor-widget-container\">\n\t\t\t\t\t<h4 class=\"elementor-heading-title elementor-size-default\">Bietet Pinsbay den internationalen Versand in verschiedene L\u00e4nder an?<\/h4>\t\t\t\t<\/div>\n\t\t\t\t<\/div>\n\t\t\t\t<div class=\"elementor-element elementor-element-79c426b7 elementor-widget elementor-widget-text-editor\" data-id=\"79c426b7\" data-element_type=\"widget\" data-widget_type=\"text-editor.default\">\n\t\t\t\t<div class=\"elementor-widget-container\">\n\t\t\t\t\t\t\t\t\t<p>Ja, wir bieten einen internationalen Versandservice an.<\/p><p>Bitte z\u00f6gern Sie nicht, uns zu kontaktieren, falls Ihr Land besondere Einschr\u00e4nkungen aufweist oder Sie Bedenken bez\u00fcglich des Versands haben. Wir sind stets bem\u00fcht, eine L\u00f6sung f\u00fcr Sie zu finden.<\/p>\t\t\t\t\t\t\t\t<\/div>\n\t\t\t\t<\/div>\n\t\t\t\t\t<\/div>\n\t\t<\/div>\n\t\t\t\t<div class=\"elementor-column elementor-col-50 elementor-inner-column elementor-element elementor-element-33699a\" data-id=\"33699a\" data-element_type=\"column\">\n\t\t\t<div class=\"elementor-widget-wrap elementor-element-populated\">\n\t\t\t\t\t\t<div class=\"elementor-element elementor-element-366a0380 elementor-widget elementor-widget-heading\" data-id=\"366a0380\" data-element_type=\"widget\" data-widget_type=\"heading.default\">\n\t\t\t\t<div class=\"elementor-widget-container\">\n\t\t\t\t\t<h4 class=\"elementor-heading-title elementor-size-default\">Welche Geb\u00fchren fallen f\u00fcr den Versand an?<\/h4>\t\t\t\t<\/div>\n\t\t\t\t<\/div>\n\t\t\t\t<div class=\"elementor-element elementor-element-6756ef6e elementor-widget elementor-widget-text-editor\" data-id=\"6756ef6e\" data-element_type=\"widget\" data-widget_type=\"text-editor.default\">\n\t\t\t\t<div class=\"elementor-widget-container\">\n\t\t\t\t\t\t\t\t\t<p>Wir bieten <strong>kostenlosen Versand<\/strong> in alle <strong>europ\u00e4ischen L\u00e4nder<\/strong> sowie in die meisten anderen L\u00e4nder.<\/p><p>F\u00fcr den Fall, dass Sie unsicher sind, ob der Versand in Ihr Land kostenfrei ist, k\u00f6nnen Sie dies bitte bei der Aufgabe Ihrer Bestellung best\u00e4tigen.<\/p>\t\t\t\t\t\t\t\t<\/div>\n\t\t\t\t<\/div>\n\t\t\t\t\t<\/div>\n\t\t<\/div>\n\t\t\t\t\t<\/div>\n\t\t<\/section>\n\t\t\t\t<section class=\"elementor-section elementor-inner-section elementor-element elementor-element-257ff19d elementor-section-content-top elementor-section-boxed elementor-section-height-default elementor-section-height-default\" data-id=\"257ff19d\" data-element_type=\"section\">\n\t\t\t\t\t\t<div class=\"elementor-container elementor-column-gap-no\">\n\t\t\t\t\t<div class=\"elementor-column elementor-col-50 elementor-inner-column elementor-element elementor-element-30198d0f\" data-id=\"30198d0f\" data-element_type=\"column\">\n\t\t\t<div class=\"elementor-widget-wrap elementor-element-populated\">\n\t\t\t\t\t\t<div class=\"elementor-element elementor-element-7f801f4a elementor-widget elementor-widget-heading\" data-id=\"7f801f4a\" data-element_type=\"widget\" data-widget_type=\"heading.default\">\n\t\t\t\t<div class=\"elementor-widget-container\">\n\t\t\t\t\t<h4 class=\"elementor-heading-title elementor-size-default\">Aus welchem Standort werden Ihre Pins versendet?<\/h4>\t\t\t\t<\/div>\n\t\t\t\t<\/div>\n\t\t\t\t<div class=\"elementor-element elementor-element-f0df9cd elementor-widget elementor-widget-text-editor\" data-id=\"f0df9cd\" data-element_type=\"widget\" data-widget_type=\"text-editor.default\">\n\t\t\t\t<div class=\"elementor-widget-container\">\n\t\t\t\t\t\t\t\t\t<p>Unsere Pins werden von unseren Werkst\u00e4tten oder B\u00fcros in Deutschland, Italien und Spanien in Ihr Land versandt. Wir sind in der Europ\u00e4ischen Union ans\u00e4ssig.<\/p><p>Wir bieten den Versand in alle europ\u00e4ischen L\u00e4nder sowie weltweit an.<\/p>\t\t\t\t\t\t\t\t<\/div>\n\t\t\t\t<\/div>\n\t\t\t\t\t<\/div>\n\t\t<\/div>\n\t\t\t\t<div class=\"elementor-column elementor-col-50 elementor-inner-column elementor-element elementor-element-37218315\" data-id=\"37218315\" data-element_type=\"column\">\n\t\t\t<div class=\"elementor-widget-wrap elementor-element-populated\">\n\t\t\t\t\t\t<div class=\"elementor-element elementor-element-13e2f8f elementor-widget elementor-widget-heading\" data-id=\"13e2f8f\" data-element_type=\"widget\" data-widget_type=\"heading.default\">\n\t\t\t\t<div class=\"elementor-widget-container\">\n\t\t\t\t\t<h4 class=\"elementor-heading-title elementor-size-default\">Mit welchen Versandunternehmen arbeiten Sie zusammen?\n\n\n\n\n<\/h4>\t\t\t\t<\/div>\n\t\t\t\t<\/div>\n\t\t\t\t<div class=\"elementor-element elementor-element-331a6119 elementor-widget elementor-widget-text-editor\" data-id=\"331a6119\" data-element_type=\"widget\" data-widget_type=\"text-editor.default\">\n\t\t\t\t<div class=\"elementor-widget-container\">\n\t\t\t\t\t\t\t\t\t<div class=\"group w-full text-gray-800 dark:text-gray-100 border-b border-black\/10 dark:border-gray-900\/50 bg-gray-50 dark:bg-[#444654]\"><div class=\"flex p-4 gap-4 text-base md:gap-6 md:max-w-2xl lg:max-w-[38rem] xl:max-w-3xl md:py-6 lg:px-0 m-auto\"><div class=\"relative flex w-[calc(100%-50px)] flex-col gap-1 md:gap-3 lg:w-[calc(100%-115px)]\"><div class=\"flex flex-grow flex-col gap-3\"><div class=\"min-h-[20px] flex items-start overflow-x-auto whitespace-pre-wrap break-words flex-col gap-4\"><div class=\"markdown prose w-full break-words dark:prose-invert light\"><p>Abh\u00e4ngig vom Zielland kooperieren wir mit renommierten Logistikpartnern wie UPS, DHL und FedEx.<\/p><\/div><\/div><\/div><\/div><\/div><\/div>\t\t\t\t\t\t\t\t<\/div>\n\t\t\t\t<\/div>\n\t\t\t\t\t<\/div>\n\t\t<\/div>\n\t\t\t\t\t<\/div>\n\t\t<\/section>\n\t\t\t\t<section class=\"elementor-section elementor-inner-section elementor-element elementor-element-14c86386 elementor-section-content-top elementor-section-boxed elementor-section-height-default elementor-section-height-default\" data-id=\"14c86386\" data-element_type=\"section\">\n\t\t\t\t\t\t<div class=\"elementor-container elementor-column-gap-no\">\n\t\t\t\t\t<div class=\"elementor-column elementor-col-50 elementor-inner-column elementor-element elementor-element-18af96b3\" data-id=\"18af96b3\" data-element_type=\"column\">\n\t\t\t<div class=\"elementor-widget-wrap elementor-element-populated\">\n\t\t\t\t\t\t<div class=\"elementor-element elementor-element-7e2e80d0 elementor-widget elementor-widget-heading\" data-id=\"7e2e80d0\" data-element_type=\"widget\" data-widget_type=\"heading.default\">\n\t\t\t\t<div class=\"elementor-widget-container\">\n\t\t\t\t\t<h4 class=\"elementor-heading-title elementor-size-default\">Wie sieht die gesch\u00e4tzte Lieferzeit aus?<\/h4>\t\t\t\t<\/div>\n\t\t\t\t<\/div>\n\t\t\t\t<div class=\"elementor-element elementor-element-10ea6555 elementor-widget elementor-widget-text-editor\" data-id=\"10ea6555\" data-element_type=\"widget\" data-widget_type=\"text-editor.default\">\n\t\t\t\t<div class=\"elementor-widget-container\">\n\t\t\t\t\t\t\t\t\t<p>F\u00fcr die meisten L\u00e4nder in Europa betr\u00e4gt die Lieferzeit in der Regel 1 bis 2 Tage.<\/p><p>F\u00fcr alle anderen L\u00e4nder liegt die Lieferzeit gew\u00f6hnlich zwischen 1 und 4 Tagen.<\/p>\t\t\t\t\t\t\t\t<\/div>\n\t\t\t\t<\/div>\n\t\t\t\t\t<\/div>\n\t\t<\/div>\n\t\t\t\t<div class=\"elementor-column elementor-col-50 elementor-inner-column elementor-element elementor-element-1260e7e2\" data-id=\"1260e7e2\" data-element_type=\"column\">\n\t\t\t<div class=\"elementor-widget-wrap elementor-element-populated\">\n\t\t\t\t\t\t<div class=\"elementor-element elementor-element-5d2c8b5 elementor-widget elementor-widget-heading\" data-id=\"5d2c8b5\" data-element_type=\"widget\" data-widget_type=\"heading.default\">\n\t\t\t\t<div class=\"elementor-widget-container\">\n\t\t\t\t\t<h4 class=\"elementor-heading-title elementor-size-default\">Wie wird verfahren, wenn ich bei der Zustellung nicht anwesend bin?<\/h4>\t\t\t\t<\/div>\n\t\t\t\t<\/div>\n\t\t\t\t<div class=\"elementor-element elementor-element-116b73b4 elementor-widget elementor-widget-text-editor\" data-id=\"116b73b4\" data-element_type=\"widget\" data-widget_type=\"text-editor.default\">\n\t\t\t\t<div class=\"elementor-widget-container\">\n\t\t\t\t\t\t\t\t\t<p>Das Versandunternehmen hinterl\u00e4sst eine Benachrichtigungskarte in Ihrem Briefkasten.<\/p><p>Sie haben die M\u00f6glichkeit, das Unternehmen telefonisch zu kontaktieren, um eine erneute Zustellung zu vereinbaren oder das Paket direkt im Zustellb\u00fcro abzuholen.<\/p>\t\t\t\t\t\t\t\t<\/div>\n\t\t\t\t<\/div>\n\t\t\t\t\t<\/div>\n\t\t<\/div>\n\t\t\t\t\t<\/div>\n\t\t<\/section>\n\t\t\t\t<section class=\"elementor-section elementor-inner-section elementor-element elementor-element-ff180d2 elementor-section-content-top elementor-section-boxed elementor-section-height-default elementor-section-height-default\" data-id=\"ff180d2\" data-element_type=\"section\">\n\t\t\t\t\t\t<div class=\"elementor-container elementor-column-gap-no\">\n\t\t\t\t\t<div class=\"elementor-column elementor-col-50 elementor-inner-column elementor-element elementor-element-38e2e9c6\" data-id=\"38e2e9c6\" data-element_type=\"column\">\n\t\t\t<div class=\"elementor-widget-wrap elementor-element-populated\">\n\t\t\t\t\t\t<div class=\"elementor-element elementor-element-1623f32e elementor-widget elementor-widget-heading\" data-id=\"1623f32e\" data-element_type=\"widget\" data-widget_type=\"heading.default\">\n\t\t\t\t<div class=\"elementor-widget-container\">\n\t\t\t\t\t<h4 class=\"elementor-heading-title elementor-size-default\">M\u00fcssen unsere Kunden zus\u00e4tzliche Steuern entrichten?<\/h4>\t\t\t\t<\/div>\n\t\t\t\t<\/div>\n\t\t\t\t<div class=\"elementor-element elementor-element-449dbd70 elementor-widget elementor-widget-text-editor\" data-id=\"449dbd70\" data-element_type=\"widget\" data-widget_type=\"text-editor.default\">\n\t\t\t\t<div class=\"elementor-widget-container\">\n\t\t\t\t\t\t\t\t\t<p>Wenn Sie sich innerhalb der Europ\u00e4ischen Union befinden und \u00fcber eine g\u00fcltige EORI-Nummer verf\u00fcgen, fallen keine Zollgeb\u00fchren an, um Steuern zu vermeiden.<\/p><p>Falls Sie sich innerhalb der EU befinden, jedoch keine g\u00fcltige EORI-Nummer haben, m\u00fcssen Sie beim Check-out Steuern entrichten. Sie k\u00f6nnen dies jederzeit w\u00e4hrend des Check-out-Prozesses auf unserer Website \u00fcberpr\u00fcfen.<\/p><p>Wenn Sie sich au\u00dferhalb der EU befinden, kann es erforderlich sein, Zollgeb\u00fchren zu zahlen.<\/p>\t\t\t\t\t\t\t\t<\/div>\n\t\t\t\t<\/div>\n\t\t\t\t\t<\/div>\n\t\t<\/div>\n\t\t\t\t<div class=\"elementor-column elementor-col-50 elementor-inner-column elementor-element elementor-element-29d6a13a\" data-id=\"29d6a13a\" data-element_type=\"column\">\n\t\t\t<div class=\"elementor-widget-wrap elementor-element-populated\">\n\t\t\t\t\t\t<div class=\"elementor-element elementor-element-43047b25 elementor-widget elementor-widget-heading\" data-id=\"43047b25\" data-element_type=\"widget\" data-widget_type=\"heading.default\">\n\t\t\t\t<div class=\"elementor-widget-container\">\n\t\t\t\t\t<h4 class=\"elementor-heading-title elementor-size-default\">Wie lange betr\u00e4gt die Produktionszeit?<\/h4>\t\t\t\t<\/div>\n\t\t\t\t<\/div>\n\t\t\t\t<div class=\"elementor-element elementor-element-88410de elementor-widget elementor-widget-text-editor\" data-id=\"88410de\" data-element_type=\"widget\" data-widget_type=\"text-editor.default\">\n\t\t\t\t<div class=\"elementor-widget-container\">\n\t\t\t\t\t\t\t\t\t<p>In den meisten F\u00e4llen betr\u00e4gt die Produktionszeit zwischen 7 und 18 Tagen. Sollten Sie es nach Ihrer Bestellung besonders eilig haben, teilen Sie uns dies bitte mit.<\/p>\t\t\t\t\t\t\t\t<\/div>\n\t\t\t\t<\/div>\n\t\t\t\t\t<\/div>\n\t\t<\/div>\n\t\t\t\t\t<\/div>\n\t\t<\/section>\n\t\t\t\t\t<\/div>\n\t\t<\/div>\n\t\t\t\t\t<\/div>\n\t\t<\/section>\n\t\t\t\t<section class=\"elementor-section elementor-top-section elementor-element elementor-element-b2db9d7 elementor-section-content-middle elementor-section-boxed elementor-section-height-default elementor-section-height-default\" data-id=\"b2db9d7\" data-element_type=\"section\">\n\t\t\t\t\t\t<div class=\"elementor-container elementor-column-gap-no\">\n\t\t\t\t\t<div class=\"elementor-column elementor-col-100 elementor-top-column elementor-element elementor-element-71cf8be\" data-id=\"71cf8be\" data-element_type=\"column\">\n\t\t\t<div class=\"elementor-widget-wrap elementor-element-populated\">\n\t\t\t\t\t\t<div class=\"elementor-element elementor-element-b03c430 elementor-widget elementor-widget-heading\" data-id=\"b03c430\" data-element_type=\"widget\" data-widget_type=\"heading.default\">\n\t\t\t\t<div class=\"elementor-widget-container\">\n\t\t\t\t\t<h5 class=\"elementor-heading-title elementor-size-default\">H\u00e4ufigste Fragen und Antworten<\/h5>\t\t\t\t<\/div>\n\t\t\t\t<\/div>\n\t\t\t\t<div class=\"elementor-element elementor-element-aaf4b6d elementor-widget elementor-widget-heading\" data-id=\"aaf4b6d\" data-element_type=\"widget\" data-widget_type=\"heading.default\">\n\t\t\t\t<div class=\"elementor-widget-container\">\n\t\t\t\t\t<h2 class=\"elementor-heading-title elementor-size-default\">Zahlungen<\/h2>\t\t\t\t<\/div>\n\t\t\t\t<\/div>\n\t\t\t\t<section class=\"elementor-section elementor-inner-section elementor-element elementor-element-8503913 elementor-section-content-top elementor-section-boxed elementor-section-height-default elementor-section-height-default\" data-id=\"8503913\" data-element_type=\"section\">\n\t\t\t\t\t\t<div class=\"elementor-container elementor-column-gap-no\">\n\t\t\t\t\t<div class=\"elementor-column elementor-col-50 elementor-inner-column elementor-element elementor-element-ee29f98\" data-id=\"ee29f98\" data-element_type=\"column\">\n\t\t\t<div class=\"elementor-widget-wrap elementor-element-populated\">\n\t\t\t\t\t\t<div class=\"elementor-element elementor-element-2614c69 elementor-widget elementor-widget-heading\" data-id=\"2614c69\" data-element_type=\"widget\" data-widget_type=\"heading.default\">\n\t\t\t\t<div class=\"elementor-widget-container\">\n\t\t\t\t\t<h4 class=\"elementor-heading-title elementor-size-default\">Welche Zahlungsmethoden stehen zur Verf\u00fcgung?\n\n\n\n\n<\/h4>\t\t\t\t<\/div>\n\t\t\t\t<\/div>\n\t\t\t\t<div class=\"elementor-element elementor-element-e7eb525 elementor-widget elementor-widget-text-editor\" data-id=\"e7eb525\" data-element_type=\"widget\" data-widget_type=\"text-editor.default\">\n\t\t\t\t<div class=\"elementor-widget-container\">\n\t\t\t\t\t\t\t\t\t<p>Wir bieten verschiedene Zahlungsmethoden an, darunter Kreditkarte, Debitkarte, Bank\u00fcberweisung und PayPal.<\/p><p>Dar\u00fcber hinaus akzeptieren wir auch Apple Pay und Google Pay als Zahlungsmittel.<\/p><p>Folgende Karten werden akzeptiert: Visa, Mastercard, American Express, Discover und Cartes Bancaires.<\/p><p>Wenn Sie unseren Schmuck pers\u00f6nlich erwerben m\u00f6chten, haben Sie auch die M\u00f6glichkeit, vor Ort im Gesch\u00e4ft zu bezahlen.<\/p>\t\t\t\t\t\t\t\t<\/div>\n\t\t\t\t<\/div>\n\t\t\t\t\t<\/div>\n\t\t<\/div>\n\t\t\t\t<div class=\"elementor-column elementor-col-50 elementor-inner-column elementor-element elementor-element-f3088c6\" data-id=\"f3088c6\" data-element_type=\"column\">\n\t\t\t<div class=\"elementor-widget-wrap elementor-element-populated\">\n\t\t\t\t\t\t<div class=\"elementor-element elementor-element-9feaa91 elementor-widget elementor-widget-heading\" data-id=\"9feaa91\" data-element_type=\"widget\" data-widget_type=\"heading.default\">\n\t\t\t\t<div class=\"elementor-widget-container\">\n\t\t\t\t\t<h4 class=\"elementor-heading-title elementor-size-default\">Werden meine Kreditkartendaten bei Eink\u00e4ufen bei Pinsbay gespeichert?<\/h4>\t\t\t\t<\/div>\n\t\t\t\t<\/div>\n\t\t\t\t<div class=\"elementor-element elementor-element-4d414a4 elementor-widget elementor-widget-text-editor\" data-id=\"4d414a4\" data-element_type=\"widget\" data-widget_type=\"text-editor.default\">\n\t\t\t\t<div class=\"elementor-widget-container\">\n\t\t\t\t\t\t\t\t\t<p>Das Einkaufen bei Pinsbay ist zu 100% sicher und gesch\u00fctzt.<\/p><p>Wir verwenden ausschlie\u00dflich sichere Zahlungsmethoden, die durch die Zahlungsgateways vollst\u00e4ndig abgesichert sind.<\/p><p>Dar\u00fcber hinaus implementieren wir SSL-Verschl\u00fcsselung auf all unseren Websites, um eine sichere Kommunikation sowohl innerhalb unserer Website als auch mit unseren Kunden zu gew\u00e4hrleisten.<\/p>\t\t\t\t\t\t\t\t<\/div>\n\t\t\t\t<\/div>\n\t\t\t\t\t<\/div>\n\t\t<\/div>\n\t\t\t\t\t<\/div>\n\t\t<\/section>\n\t\t\t\t\t<\/div>\n\t\t<\/div>\n\t\t\t\t\t<\/div>\n\t\t<\/section>\n\t\t\t\t<\/div>\n\t\t","protected":false},"excerpt":{"rendered":"<p>H\u00e4ufigste Fragen und Antworten Versand Bietet Pinsbay den internationalen Versand in verschiedene L\u00e4nder an? Ja, wir bieten einen internationalen Versandservice an. Bitte z\u00f6gern Sie nicht, uns zu kontaktieren, falls Ihr Land besondere Einschr\u00e4nkungen aufweist oder Sie Bedenken bez\u00fcglich des Versands haben. Wir sind stets bem\u00fcht, eine L\u00f6sung f\u00fcr Sie zu finden. Welche Geb\u00fchren fallen f\u00fcr [&hellip;]<\/p>\n","protected":false},"author":1,"featured_media":0,"parent":0,"menu_order":0,"comment_status":"closed","ping_status":"closed","template":"","meta":{"footnotes":""},"class_list":["post-5945","page","type-page","status-publish","hentry"],"_links":{"self":[{"href":"https:\/\/pinsbay.com\/de\/wp-json\/wp\/v2\/pages\/5945","targetHints":{"allow":["GET"]}}],"collection":[{"href":"https:\/\/pinsbay.com\/de\/wp-json\/wp\/v2\/pages"}],"about":[{"href":"https:\/\/pinsbay.com\/de\/wp-json\/wp\/v2\/types\/page"}],"author":[{"embeddable":true,"href":"https:\/\/pinsbay.com\/de\/wp-json\/wp\/v2\/users\/1"}],"replies":[{"embeddable":true,"href":"https:\/\/pinsbay.com\/de\/wp-json\/wp\/v2\/comments?post=5945"}],"version-history":[{"count":4,"href":"https:\/\/pinsbay.com\/de\/wp-json\/wp\/v2\/pages\/5945\/revisions"}],"predecessor-version":[{"id":6248,"href":"https:\/\/pinsbay.com\/de\/wp-json\/wp\/v2\/pages\/5945\/revisions\/6248"}],"wp:attachment":[{"href":"https:\/\/pinsbay.com\/de\/wp-json\/wp\/v2\/media?parent=5945"}],"curies":[{"name":"wp","href":"https:\/\/api.w.org\/{rel}","templated":true}]}}