{"id":8677,"date":"2024-09-23T17:59:45","date_gmt":"2024-09-23T16:59:45","guid":{"rendered":"https:\/\/pinsbay.com\/zahlungsmoeglichkeiten\/"},"modified":"2024-09-23T17:59:46","modified_gmt":"2024-09-23T16:59:46","slug":"zahlungsmoeglichkeiten","status":"publish","type":"page","link":"https:\/\/pinsbay.com\/de\/zahlungsmoeglichkeiten\/","title":{"rendered":"Zahlungsm\u00f6glichkeiten"},"content":{"rendered":"\t\t<div data-elementor-type=\"wp-page\" data-elementor-id=\"8677\" class=\"elementor elementor-8677 elementor-8657\" data-elementor-post-type=\"page\">\n\t\t\t\t\t\t<section class=\"elementor-section elementor-top-section elementor-element elementor-element-65806db7 elementor-section-content-middle elementor-section-boxed elementor-section-height-default elementor-section-height-default\" data-id=\"65806db7\" data-element_type=\"section\">\n\t\t\t\t\t\t<div class=\"elementor-container elementor-column-gap-no\">\n\t\t\t\t\t<div class=\"elementor-column elementor-col-100 elementor-top-column elementor-element elementor-element-518cc3a4\" data-id=\"518cc3a4\" data-element_type=\"column\">\n\t\t\t<div class=\"elementor-widget-wrap elementor-element-populated\">\n\t\t\t\t\t\t<div class=\"elementor-element elementor-element-3e68de61 elementor-widget elementor-widget-heading\" data-id=\"3e68de61\" data-element_type=\"widget\" data-widget_type=\"heading.default\">\n\t\t\t\t<div class=\"elementor-widget-container\">\n\t\t\t\t\t<h4 class=\"elementor-heading-title elementor-size-default\">Zahlungsm\u00f6glichkeiten<\/h4>\t\t\t\t<\/div>\n\t\t\t\t<\/div>\n\t\t\t\t<div class=\"elementor-element elementor-element-6b05576d elementor-widget elementor-widget-text-editor\" data-id=\"6b05576d\" data-element_type=\"widget\" data-widget_type=\"text-editor.default\">\n\t\t\t\t<div class=\"elementor-widget-container\">\n\t\t\t\t\t\t\t\t\t<div class=\"flex max-w-full flex-col flex-grow\">\n<div class=\"min-h-[20px] text-message flex w-full flex-col items-end gap-2 whitespace-normal break-words [.text-message+&amp;]:mt-5\" dir=\"auto\" data-message-author-role=\"assistant\" data-message-id=\"940bd3af-fbbc-469f-9e3e-f9a93c8ad2fd\">\n<div class=\"flex w-full flex-col gap-1 empty:hidden first:pt-[3px]\">\n<div class=\"markdown prose w-full break-words dark:prose-invert light\">\n<p>Bei Pinsbay.com bieten wir eine Vielzahl von Zahlungsmethoden an, um Ihr Erlebnis so angenehm wie m\u00f6glich zu gestalten. Egal, ob Sie digitale Optionen oder traditionelle Methoden bevorzugen, wir haben das Richtige f\u00fcr Sie. Sie k\u00f6nnen sicher per <strong>Bank\u00fcberweisung<\/strong> bezahlen, mit der Sie Geld direkt von Ihrem Konto auf unser Konto \u00fcberweisen k\u00f6nnen. Wir akzeptieren auch <strong>PayPal<\/strong> , eine schnelle und sichere M\u00f6glichkeit, Ihren Einkauf abzuschlie\u00dfen, ohne Finanzdaten preiszugeben.   <\/p>\n<p>F\u00fcr diejenigen, die Kartenzahlungen bevorzugen, akzeptieren wir gerne <strong>Kredit- und Debitkarten<\/strong> , darunter <strong>Visa<\/strong> , <strong>Mastercard<\/strong> und <strong>American Express<\/strong> . Dar\u00fcber hinaus k\u00f6nnen Sie \u00fcber <strong>Stripe<\/strong> bezahlen, ein vertrauensw\u00fcrdiges Zahlungsportal, das einen sicheren Transaktionsprozess gew\u00e4hrleistet. <\/p>\n<p>Wenn Sie Ihre Bestellung pers\u00f6nlich abholen, bieten wir auch die M\u00f6glichkeit, <strong>bei Abholung bar<\/strong> zu bezahlen. Dies bietet unseren Kunden vor Ort zus\u00e4tzliche Flexibilit\u00e4t und Komfort. <\/p>\n<p>Wir legen Wert darauf, den Zahlungsvorgang so reibungslos und flexibel wie m\u00f6glich zu gestalten und bieten verschiedene Optionen an, die Ihren Pr\u00e4ferenzen entsprechen. Ihre Sicherheit hat f\u00fcr uns Priorit\u00e4t und alle Transaktionen werden mit gr\u00f6\u00dfter Sorgfalt abgewickelt, um ein reibungsloses und vertrauensw\u00fcrdiges Erlebnis zu gew\u00e4hrleisten. <\/p>\n<\/div>\n<\/div>\n<\/div>\n<\/div>\n\t\t\t\t\t\t\t\t<\/div>\n\t\t\t\t<\/div>\n\t\t\t\t<section class=\"elementor-section elementor-inner-section elementor-element elementor-element-143b8226 elementor-section-content-middle elementor-section-boxed elementor-section-height-default elementor-section-height-default\" data-id=\"143b8226\" data-element_type=\"section\">\n\t\t\t\t\t\t<div class=\"elementor-container elementor-column-gap-no\">\n\t\t\t\t\t<div class=\"elementor-column elementor-col-50 elementor-inner-column elementor-element elementor-element-7ec012d7\" data-id=\"7ec012d7\" data-element_type=\"column\">\n\t\t\t<div class=\"elementor-widget-wrap elementor-element-populated\">\n\t\t\t\t\t\t<div class=\"elementor-element elementor-element-552690b3 elementor-widget elementor-widget-heading\" data-id=\"552690b3\" data-element_type=\"widget\" data-widget_type=\"heading.default\">\n\t\t\t\t<div class=\"elementor-widget-container\">\n\t\t\t\t\t<h3 class=\"elementor-heading-title elementor-size-default\">Bank\u00fcberweisung<\/h3>\t\t\t\t<\/div>\n\t\t\t\t<\/div>\n\t\t\t\t<div class=\"elementor-element elementor-element-5a2df81f elementor-widget elementor-widget-text-editor\" data-id=\"5a2df81f\" data-element_type=\"widget\" data-widget_type=\"text-editor.default\">\n\t\t\t\t<div class=\"elementor-widget-container\">\n\t\t\t\t\t\t\t\t\t<div class=\"flex max-w-full flex-col flex-grow\">\n<div class=\"min-h-[20px] text-message flex w-full flex-col items-end gap-2 whitespace-normal break-words [.text-message+&amp;]:mt-5\" dir=\"auto\" data-message-author-role=\"assistant\" data-message-id=\"68871330-77a3-4bb8-8564-d64ae9135e65\">\n<div class=\"flex w-full flex-col gap-1 empty:hidden first:pt-[3px]\">\n<div class=\"markdown prose w-full break-words dark:prose-invert light\">\n<p>Mit der Option <strong>Bank\u00fcberweisung<\/strong> k\u00f6nnen Sie Geld sicher direkt von Ihrem Bankkonto auf unser Konto \u00fcberweisen. Nachdem Sie diese Zahlungsmethode beim Bezahlvorgang ausgew\u00e4hlt haben, erhalten Sie unsere Bankdaten, um die Transaktion abzuschlie\u00dfen. Sobald die Zahlung best\u00e4tigt ist, fahren wir mit der Bearbeitung Ihrer Bestellung fort.  <\/p>\n<\/div>\n<\/div>\n<\/div>\n<\/div>\n\t\t\t\t\t\t\t\t<\/div>\n\t\t\t\t<\/div>\n\t\t\t\t\t<\/div>\n\t\t<\/div>\n\t\t\t\t<div class=\"elementor-column elementor-col-50 elementor-inner-column elementor-element elementor-element-3cbaaf03\" data-id=\"3cbaaf03\" data-element_type=\"column\">\n\t\t\t<div class=\"elementor-widget-wrap elementor-element-populated\">\n\t\t\t\t\t\t<div class=\"elementor-element elementor-element-7900b45b elementor-widget elementor-widget-heading\" data-id=\"7900b45b\" data-element_type=\"widget\" data-widget_type=\"heading.default\">\n\t\t\t\t<div class=\"elementor-widget-container\">\n\t\t\t\t\t<h3 class=\"elementor-heading-title elementor-size-default\">Kredit-\/Debitkarte<\/h3>\t\t\t\t<\/div>\n\t\t\t\t<\/div>\n\t\t\t\t<div class=\"elementor-element elementor-element-3b24d3d4 elementor-widget elementor-widget-text-editor\" data-id=\"3b24d3d4\" data-element_type=\"widget\" data-widget_type=\"text-editor.default\">\n\t\t\t\t<div class=\"elementor-widget-container\">\n\t\t\t\t\t\t\t\t\t<div class=\"flex max-w-full flex-col flex-grow\">\n<div class=\"min-h-[20px] text-message flex w-full flex-col items-end gap-2 whitespace-normal break-words [.text-message+&amp;]:mt-5\" dir=\"auto\" data-message-author-role=\"assistant\" data-message-id=\"1bd44587-3f6f-4bd1-92cd-40c1a882fa92\">\n<div class=\"flex w-full flex-col gap-1 empty:hidden first:pt-[3px]\">\n<div class=\"markdown prose w-full break-words dark:prose-invert light\">\n<p>Wir akzeptieren <strong>Kredit- und Debitkartenzahlungen<\/strong> , darunter <strong>Visa<\/strong> , <strong>Mastercard<\/strong> und <strong>American Express<\/strong> . Mit dieser Option k\u00f6nnen Sie Ihre Bestellung sicher mit Ihren Kartendaten an der Kasse bezahlen. Alle Transaktionen sind verschl\u00fcsselt, um einen sicheren und schnellen Zahlungsvorgang zu gew\u00e4hrleisten. Ihre Bestellung wird sofort nach der Best\u00e4tigung bearbeitet.   <\/p>\n<\/div>\n<\/div>\n<\/div>\n<\/div>\n\t\t\t\t\t\t\t\t<\/div>\n\t\t\t\t<\/div>\n\t\t\t\t\t<\/div>\n\t\t<\/div>\n\t\t\t\t\t<\/div>\n\t\t<\/section>\n\t\t\t\t<section class=\"elementor-section elementor-inner-section elementor-element elementor-element-5254711 elementor-section-content-middle elementor-section-boxed elementor-section-height-default elementor-section-height-default\" data-id=\"5254711\" data-element_type=\"section\">\n\t\t\t\t\t\t<div class=\"elementor-container elementor-column-gap-no\">\n\t\t\t\t\t<div class=\"elementor-column elementor-col-33 elementor-inner-column elementor-element elementor-element-3233fa5\" data-id=\"3233fa5\" data-element_type=\"column\">\n\t\t\t<div class=\"elementor-widget-wrap elementor-element-populated\">\n\t\t\t\t\t\t<div class=\"elementor-element elementor-element-c131d23 elementor-widget elementor-widget-heading\" data-id=\"c131d23\" data-element_type=\"widget\" data-widget_type=\"heading.default\">\n\t\t\t\t<div class=\"elementor-widget-container\">\n\t\t\t\t\t<h3 class=\"elementor-heading-title elementor-size-default\">Paypal<\/h3>\t\t\t\t<\/div>\n\t\t\t\t<\/div>\n\t\t\t\t<div class=\"elementor-element elementor-element-fd5f201 elementor-widget elementor-widget-text-editor\" data-id=\"fd5f201\" data-element_type=\"widget\" data-widget_type=\"text-editor.default\">\n\t\t\t\t<div class=\"elementor-widget-container\">\n\t\t\t\t\t\t\t\t\t<p>Mit <strong>PayPal<\/strong> k\u00f6nnen Sie schnell und sicher bezahlen, ohne Ihre Finanzdaten preiszugeben. Melden Sie sich w\u00e4hrend des Bezahlvorgangs einfach bei Ihrem PayPal-Konto an, um Ihren Einkauf abzuschlie\u00dfen. Dies ist eine zuverl\u00e4ssige und bequeme Option, die sicherstellt, dass Ihre Zahlung sofort verarbeitet wird, sodass wir sofort mit der Bearbeitung Ihrer Bestellung beginnen k\u00f6nnen.  <\/p>\n\t\t\t\t\t\t\t\t<\/div>\n\t\t\t\t<\/div>\n\t\t\t\t\t<\/div>\n\t\t<\/div>\n\t\t\t\t<div class=\"elementor-column elementor-col-33 elementor-inner-column elementor-element elementor-element-3eec2d7\" data-id=\"3eec2d7\" data-element_type=\"column\">\n\t\t\t<div class=\"elementor-widget-wrap elementor-element-populated\">\n\t\t\t\t\t\t<div class=\"elementor-element elementor-element-0075f0d elementor-widget elementor-widget-heading\" data-id=\"0075f0d\" data-element_type=\"widget\" data-widget_type=\"heading.default\">\n\t\t\t\t<div class=\"elementor-widget-container\">\n\t\t\t\t\t<h3 class=\"elementor-heading-title elementor-size-default\">Streifen<\/h3>\t\t\t\t<\/div>\n\t\t\t\t<\/div>\n\t\t\t\t<div class=\"elementor-element elementor-element-a906a52 elementor-widget elementor-widget-text-editor\" data-id=\"a906a52\" data-element_type=\"widget\" data-widget_type=\"text-editor.default\">\n\t\t\t\t<div class=\"elementor-widget-container\">\n\t\t\t\t\t\t\t\t\t<p><strong>Stripe<\/strong> ist ein sicheres und zuverl\u00e4ssiges Zahlungsportal, das Ihnen die Zahlung mit Ihrer <strong>Kredit- oder Debitkarte<\/strong> erm\u00f6glicht, ohne unsere Website verlassen zu m\u00fcssen. Geben Sie beim Bezahlvorgang einfach Ihre Kartendaten ein und Stripe wickelt die Transaktion sicher ab. Ihre Zahlung wird sofort verarbeitet, was einen reibungslosen und schnellen Bezahlvorgang gew\u00e4hrleistet.  <\/p>\n\t\t\t\t\t\t\t\t<\/div>\n\t\t\t\t<\/div>\n\t\t\t\t\t<\/div>\n\t\t<\/div>\n\t\t\t\t<div class=\"elementor-column elementor-col-33 elementor-inner-column elementor-element elementor-element-72afb1b\" data-id=\"72afb1b\" data-element_type=\"column\">\n\t\t\t<div class=\"elementor-widget-wrap elementor-element-populated\">\n\t\t\t\t\t\t<div class=\"elementor-element elementor-element-f196cc5 elementor-widget elementor-widget-heading\" data-id=\"f196cc5\" data-element_type=\"widget\" data-widget_type=\"heading.default\">\n\t\t\t\t<div class=\"elementor-widget-container\">\n\t\t\t\t\t<h3 class=\"elementor-heading-title elementor-size-default\">Barzahlung bei Abholung<\/h3>\t\t\t\t<\/div>\n\t\t\t\t<\/div>\n\t\t\t\t<div class=\"elementor-element elementor-element-eb4a30d elementor-widget elementor-widget-text-editor\" data-id=\"eb4a30d\" data-element_type=\"widget\" data-widget_type=\"text-editor.default\">\n\t\t\t\t<div class=\"elementor-widget-container\">\n\t\t\t\t\t\t\t\t\t<div class=\"flex max-w-full flex-col flex-grow\">\n<div class=\"min-h-[20px] text-message flex w-full flex-col items-end gap-2 whitespace-normal break-words [.text-message+&amp;]:mt-5\" dir=\"auto\" data-message-author-role=\"assistant\" data-message-id=\"7bbca05f-3917-4abc-9f1d-ab5002448ddc\">\n<div class=\"flex w-full flex-col gap-1 empty:hidden first:pt-[3px]\">\n<div class=\"markdown prose w-full break-words dark:prose-invert light\">\n<p>Mit der Option <strong>\u201eBarzahlung bei Abholung\u201c<\/strong> k\u00f6nnen Sie Ihre Bestellung pers\u00f6nlich bezahlen, wenn Sie sie abholen. Dies ist eine praktische Option f\u00fcr lokale Kunden, die Zahlungen lieber direkt abwickeln. Geben Sie Ihre Bestellung einfach online auf und bezahlen Sie in bar, wenn Sie Ihre Artikel am angegebenen Standort abholen.  <\/p>\n<\/div>\n<\/div>\n<\/div>\n<\/div>\n\t\t\t\t\t\t\t\t<\/div>\n\t\t\t\t<\/div>\n\t\t\t\t\t<\/div>\n\t\t<\/div>\n\t\t\t\t\t<\/div>\n\t\t<\/section>\n\t\t\t\t\t<\/div>\n\t\t<\/div>\n\t\t\t\t\t<\/div>\n\t\t<\/section>\n\t\t\t\t<\/div>\n\t\t","protected":false},"excerpt":{"rendered":"<p>Zahlungsm\u00f6glichkeiten Bei Pinsbay.com bieten wir eine Vielzahl von Zahlungsmethoden an, um Ihr Erlebnis so angenehm wie m\u00f6glich zu gestalten. Egal, ob Sie digitale Optionen oder traditionelle Methoden bevorzugen, wir haben das Richtige f\u00fcr Sie. Sie k\u00f6nnen sicher per Bank\u00fcberweisung bezahlen, mit der Sie Geld direkt von Ihrem Konto auf unser Konto \u00fcberweisen k\u00f6nnen. Wir akzeptieren [&hellip;]<\/p>\n","protected":false},"author":1,"featured_media":0,"parent":0,"menu_order":0,"comment_status":"closed","ping_status":"closed","template":"","meta":{"footnotes":""},"class_list":["post-8677","page","type-page","status-publish","hentry"],"_links":{"self":[{"href":"https:\/\/pinsbay.com\/de\/wp-json\/wp\/v2\/pages\/8677","targetHints":{"allow":["GET"]}}],"collection":[{"href":"https:\/\/pinsbay.com\/de\/wp-json\/wp\/v2\/pages"}],"about":[{"href":"https:\/\/pinsbay.com\/de\/wp-json\/wp\/v2\/types\/page"}],"author":[{"embeddable":true,"href":"https:\/\/pinsbay.com\/de\/wp-json\/wp\/v2\/users\/1"}],"replies":[{"embeddable":true,"href":"https:\/\/pinsbay.com\/de\/wp-json\/wp\/v2\/comments?post=8677"}],"version-history":[{"count":1,"href":"https:\/\/pinsbay.com\/de\/wp-json\/wp\/v2\/pages\/8677\/revisions"}],"predecessor-version":[{"id":8678,"href":"https:\/\/pinsbay.com\/de\/wp-json\/wp\/v2\/pages\/8677\/revisions\/8678"}],"wp:attachment":[{"href":"https:\/\/pinsbay.com\/de\/wp-json\/wp\/v2\/media?parent=8677"}],"curies":[{"name":"wp","href":"https:\/\/api.w.org\/{rel}","templated":true}]}}